{"id":1585,"date":"2024-02-12T13:46:23","date_gmt":"2024-02-12T12:46:23","guid":{"rendered":"https:\/\/enseignement-sta.fr\/?page_id=1585"},"modified":"2025-09-07T20:02:11","modified_gmt":"2025-09-07T18:02:11","slug":"s6-modelisation-avancee-phasage","status":"publish","type":"page","link":"https:\/\/enseignement-sta.fr\/index.php\/s6-modelisation-avancee-phasage\/","title":{"rendered":"S5 &#8211; INTENSIF Mod\u00e9lisation avanc\u00e9e &#8211; Phasage BIM"},"content":{"rendered":"\n<div class=\"wp-block-columns alignwide is-layout-flex wp-container-core-columns-is-layout-9d6595d7 wp-block-columns-is-layout-flex\">\n<div class=\"wp-block-column is-layout-flow wp-block-column-is-layout-flow\">\n<p><strong>Casa D&#8217;Estate<\/strong><\/p>\n\n\n\n<p>R\u00e9novation d&#8217;une maison en pierre et lauze par les architectes<br><strong>Buchner et Brundler<\/strong><br><a href=\"https:\/\/bbarc.ch\/en\/casa-destate\" target=\"_blank\" rel=\"noreferrer noopener\">https:\/\/bbarc.ch\/en\/casa-destate <\/a><\/p>\n\n\n\n<p>Lien des donn\u00e9es partag\u00e9es <\/p>\n\n\n\n<div class=\"wp-block-buttons is-layout-flex wp-block-buttons-is-layout-flex\">\n<div class=\"wp-block-button is-style-outline is-style-outline--1\"><a class=\"wp-block-button__link wp-element-button\" href=\"https:\/\/e.pcloud.link\/publink\/show?code=kZg5gOZqWIEWYsK8EbO3TkUOmG348qYDdQ7\" target=\"_blank\" rel=\"noreferrer noopener\">DATA(s)<\/a><\/div>\n<\/div>\n<\/div>\n\n\n\n<div class=\"wp-block-column is-layout-flow wp-block-column-is-layout-flow\">\n<figure class=\"wp-block-embed is-type-video is-provider-youtube wp-block-embed-youtube wp-embed-aspect-16-9 wp-has-aspect-ratio\"><div class=\"wp-block-embed__wrapper\">\n<iframe title=\"Casa d&#039;Estate, Linescio\" width=\"750\" height=\"422\" data-src=\"https:\/\/www.youtube.com\/embed\/B9KF0NTzPvI?start=330&#038;feature=oembed\" frameborder=\"0\" allow=\"accelerometer; autoplay; clipboard-write; encrypted-media; gyroscope; picture-in-picture; web-share\" referrerpolicy=\"strict-origin-when-cross-origin\" allowfullscreen src=\"data:image\/svg+xml;base64,PHN2ZyB3aWR0aD0iMSIgaGVpZ2h0PSIxIiB4bWxucz0iaHR0cDovL3d3dy53My5vcmcvMjAwMC9zdmciPjwvc3ZnPg==\" class=\"lazyload\" data-load-mode=\"1\"><\/iframe>\n<\/div><\/figure>\n<\/div>\n<\/div>\n\n\n\n<div class=\"wp-block-columns alignwide is-layout-flex wp-container-core-columns-is-layout-9d6595d7 wp-block-columns-is-layout-flex\">\n<div class=\"wp-block-column is-layout-flow wp-block-column-is-layout-flow\">\n<figure class=\"wp-block-image size-full\"><a href=\"https:\/\/e.pcloud.link\/publink\/show?code=XZFHgOZRvipKaiyrO7DxgTJppD4XHr5oSeX\" target=\"_blank\" rel=\" noreferrer noopener\"><img decoding=\"async\" width=\"500\" height=\"500\" data-src=\"https:\/\/enseignement-sta.fr\/wp-content\/uploads\/2025\/09\/TD1-1.jpg\" alt=\"\" class=\"wp-image-2262 lazyload\" data-srcset=\"https:\/\/enseignement-sta.fr\/wp-content\/uploads\/2025\/09\/TD1-1.jpg 500w, https:\/\/enseignement-sta.fr\/wp-content\/uploads\/2025\/09\/TD1-1-300x300.jpg 300w, https:\/\/enseignement-sta.fr\/wp-content\/uploads\/2025\/09\/TD1-1-150x150.jpg 150w\" data-sizes=\"(max-width: 500px) 100vw, 500px\" src=\"data:image\/svg+xml;base64,PHN2ZyB3aWR0aD0iMSIgaGVpZ2h0PSIxIiB4bWxucz0iaHR0cDovL3d3dy53My5vcmcvMjAwMC9zdmciPjwvc3ZnPg==\" style=\"--smush-placeholder-width: 500px; --smush-placeholder-aspect-ratio: 500\/500;\" \/><\/a><\/figure>\n<\/div>\n\n\n\n<div class=\"wp-block-column is-layout-flow wp-block-column-is-layout-flow\">\n<figure class=\"wp-block-image size-full\"><a href=\"https:\/\/e.pcloud.link\/publink\/show?code=XZTFgOZVTealDLD7tJPmHuFaviiq55AxRe7\" target=\"_blank\" rel=\" noreferrer noopener\"><img decoding=\"async\" width=\"500\" height=\"500\" data-src=\"https:\/\/enseignement-sta.fr\/wp-content\/uploads\/2025\/09\/TD2-2.jpg\" alt=\"\" class=\"wp-image-2263 lazyload\" data-srcset=\"https:\/\/enseignement-sta.fr\/wp-content\/uploads\/2025\/09\/TD2-2.jpg 500w, https:\/\/enseignement-sta.fr\/wp-content\/uploads\/2025\/09\/TD2-2-300x300.jpg 300w, https:\/\/enseignement-sta.fr\/wp-content\/uploads\/2025\/09\/TD2-2-150x150.jpg 150w\" data-sizes=\"(max-width: 500px) 100vw, 500px\" src=\"data:image\/svg+xml;base64,PHN2ZyB3aWR0aD0iMSIgaGVpZ2h0PSIxIiB4bWxucz0iaHR0cDovL3d3dy53My5vcmcvMjAwMC9zdmciPjwvc3ZnPg==\" style=\"--smush-placeholder-width: 500px; --smush-placeholder-aspect-ratio: 500\/500;\" \/><\/a><\/figure>\n<\/div>\n\n\n\n<div class=\"wp-block-column is-layout-flow wp-block-column-is-layout-flow\">\n<figure class=\"wp-block-image size-full\"><a href=\"https:\/\/e.pcloud.link\/publink\/show?code=XZLHgOZpSfNLcUqFxH4OWdkRbH55fVt0LwX\" target=\"_blank\" rel=\" noreferrer noopener\"><img decoding=\"async\" width=\"500\" height=\"500\" data-src=\"https:\/\/enseignement-sta.fr\/wp-content\/uploads\/2025\/09\/TD3-1.jpg\" alt=\"\" class=\"wp-image-2264 lazyload\" data-srcset=\"https:\/\/enseignement-sta.fr\/wp-content\/uploads\/2025\/09\/TD3-1.jpg 500w, https:\/\/enseignement-sta.fr\/wp-content\/uploads\/2025\/09\/TD3-1-300x300.jpg 300w, https:\/\/enseignement-sta.fr\/wp-content\/uploads\/2025\/09\/TD3-1-150x150.jpg 150w\" data-sizes=\"(max-width: 500px) 100vw, 500px\" src=\"data:image\/svg+xml;base64,PHN2ZyB3aWR0aD0iMSIgaGVpZ2h0PSIxIiB4bWxucz0iaHR0cDovL3d3dy53My5vcmcvMjAwMC9zdmciPjwvc3ZnPg==\" style=\"--smush-placeholder-width: 500px; --smush-placeholder-aspect-ratio: 500\/500;\" \/><\/a><\/figure>\n<\/div>\n\n\n\n<div class=\"wp-block-column is-layout-flow wp-block-column-is-layout-flow\">\n<figure class=\"wp-block-image size-full\"><a href=\"https:\/\/e.pcloud.link\/publink\/show?code=XZAHgOZYasnN5Y0oOFW6vk23sC6GYbpDzKV\" target=\"_blank\" rel=\" noreferrer noopener\"><img decoding=\"async\" width=\"500\" height=\"500\" data-src=\"https:\/\/enseignement-sta.fr\/wp-content\/uploads\/2025\/09\/TD4-1.jpg\" alt=\"\" class=\"wp-image-2265 lazyload\" data-srcset=\"https:\/\/enseignement-sta.fr\/wp-content\/uploads\/2025\/09\/TD4-1.jpg 500w, https:\/\/enseignement-sta.fr\/wp-content\/uploads\/2025\/09\/TD4-1-300x300.jpg 300w, https:\/\/enseignement-sta.fr\/wp-content\/uploads\/2025\/09\/TD4-1-150x150.jpg 150w\" data-sizes=\"(max-width: 500px) 100vw, 500px\" src=\"data:image\/svg+xml;base64,PHN2ZyB3aWR0aD0iMSIgaGVpZ2h0PSIxIiB4bWxucz0iaHR0cDovL3d3dy53My5vcmcvMjAwMC9zdmciPjwvc3ZnPg==\" style=\"--smush-placeholder-width: 500px; --smush-placeholder-aspect-ratio: 500\/500;\" \/><\/a><\/figure>\n<\/div>\n<\/div>\n\n\n\n<div class=\"wp-block-columns alignwide is-layout-flex wp-container-core-columns-is-layout-9d6595d7 wp-block-columns-is-layout-flex\">\n<div class=\"wp-block-column is-layout-flow wp-block-column-is-layout-flow\"><\/div>\n\n\n\n<div class=\"wp-block-column is-layout-flow wp-block-column-is-layout-flow\"><\/div>\n<\/div>\n\n\n\n<div class=\"wp-block-columns alignwide is-layout-flex wp-container-core-columns-is-layout-9d6595d7 wp-block-columns-is-layout-flex\">\n<div class=\"wp-block-column is-layout-flow wp-block-column-is-layout-flow\">\n<p><strong>Exemples de r\u00e9alisation<\/strong>s<\/p>\n<\/div>\n\n\n\n<div class=\"wp-block-column is-layout-flow wp-block-column-is-layout-flow\"><\/div>\n<\/div>\n\n\n\n<div class=\"wp-block-columns alignwide is-layout-flex wp-container-core-columns-is-layout-9d6595d7 wp-block-columns-is-layout-flex\">\n<div class=\"wp-block-column is-layout-flow wp-block-column-is-layout-flow\">\n<figure class=\"wp-block-image size-large\"><img decoding=\"async\" width=\"1024\" height=\"797\" data-src=\"https:\/\/enseignement-sta.fr\/wp-content\/uploads\/2024\/02\/image-1024x797.png\" alt=\"\" class=\"wp-image-1605 lazyload\" data-srcset=\"https:\/\/enseignement-sta.fr\/wp-content\/uploads\/2024\/02\/image-1024x797.png 1024w, https:\/\/enseignement-sta.fr\/wp-content\/uploads\/2024\/02\/image-300x233.png 300w, https:\/\/enseignement-sta.fr\/wp-content\/uploads\/2024\/02\/image-768x597.png 768w, https:\/\/enseignement-sta.fr\/wp-content\/uploads\/2024\/02\/image.png 1121w\" data-sizes=\"(max-width: 1024px) 100vw, 1024px\" src=\"data:image\/svg+xml;base64,PHN2ZyB3aWR0aD0iMSIgaGVpZ2h0PSIxIiB4bWxucz0iaHR0cDovL3d3dy53My5vcmcvMjAwMC9zdmciPjwvc3ZnPg==\" style=\"--smush-placeholder-width: 1024px; --smush-placeholder-aspect-ratio: 1024\/797;\" \/><\/figure>\n<\/div>\n\n\n\n<div class=\"wp-block-column is-layout-flow wp-block-column-is-layout-flow\">\n<figure class=\"wp-block-image size-large is-resized\"><img decoding=\"async\" width=\"1024\" height=\"861\" data-src=\"https:\/\/enseignement-sta.fr\/wp-content\/uploads\/2024\/02\/image-1-1024x861.png\" alt=\"\" class=\"wp-image-1606 lazyload\" style=\"--smush-placeholder-width: 1024px; --smush-placeholder-aspect-ratio: 1024\/861;width:557px;height:auto\" data-srcset=\"https:\/\/enseignement-sta.fr\/wp-content\/uploads\/2024\/02\/image-1-1024x861.png 1024w, https:\/\/enseignement-sta.fr\/wp-content\/uploads\/2024\/02\/image-1-300x252.png 300w, https:\/\/enseignement-sta.fr\/wp-content\/uploads\/2024\/02\/image-1-768x646.png 768w, https:\/\/enseignement-sta.fr\/wp-content\/uploads\/2024\/02\/image-1.png 1051w\" data-sizes=\"(max-width: 1024px) 100vw, 1024px\" src=\"data:image\/svg+xml;base64,PHN2ZyB3aWR0aD0iMSIgaGVpZ2h0PSIxIiB4bWxucz0iaHR0cDovL3d3dy53My5vcmcvMjAwMC9zdmciPjwvc3ZnPg==\" \/><\/figure>\n<\/div>\n<\/div>\n\n\n\n<div class=\"wp-block-columns alignwide is-layout-flex wp-container-core-columns-is-layout-9d6595d7 wp-block-columns-is-layout-flex\">\n<div class=\"wp-block-column is-layout-flow wp-block-column-is-layout-flow\">\n<figure class=\"wp-block-image size-full\"><img decoding=\"async\" width=\"998\" height=\"810\" data-src=\"https:\/\/enseignement-sta.fr\/wp-content\/uploads\/2025\/09\/image.png\" alt=\"\" class=\"wp-image-2235 lazyload\" data-srcset=\"https:\/\/enseignement-sta.fr\/wp-content\/uploads\/2025\/09\/image.png 998w, https:\/\/enseignement-sta.fr\/wp-content\/uploads\/2025\/09\/image-300x243.png 300w, https:\/\/enseignement-sta.fr\/wp-content\/uploads\/2025\/09\/image-768x623.png 768w\" data-sizes=\"(max-width: 998px) 100vw, 998px\" src=\"data:image\/svg+xml;base64,PHN2ZyB3aWR0aD0iMSIgaGVpZ2h0PSIxIiB4bWxucz0iaHR0cDovL3d3dy53My5vcmcvMjAwMC9zdmciPjwvc3ZnPg==\" style=\"--smush-placeholder-width: 998px; --smush-placeholder-aspect-ratio: 998\/810;\" \/><\/figure>\n<\/div>\n\n\n\n<div class=\"wp-block-column is-layout-flow wp-block-column-is-layout-flow\">\n<figure class=\"wp-block-image size-full\"><img decoding=\"async\" width=\"972\" height=\"804\" data-src=\"https:\/\/enseignement-sta.fr\/wp-content\/uploads\/2025\/09\/image-1.png\" alt=\"\" class=\"wp-image-2238 lazyload\" data-srcset=\"https:\/\/enseignement-sta.fr\/wp-content\/uploads\/2025\/09\/image-1.png 972w, https:\/\/enseignement-sta.fr\/wp-content\/uploads\/2025\/09\/image-1-300x248.png 300w, https:\/\/enseignement-sta.fr\/wp-content\/uploads\/2025\/09\/image-1-768x635.png 768w\" data-sizes=\"(max-width: 972px) 100vw, 972px\" src=\"data:image\/svg+xml;base64,PHN2ZyB3aWR0aD0iMSIgaGVpZ2h0PSIxIiB4bWxucz0iaHR0cDovL3d3dy53My5vcmcvMjAwMC9zdmciPjwvc3ZnPg==\" style=\"--smush-placeholder-width: 972px; --smush-placeholder-aspect-ratio: 972\/804;\" \/><\/figure>\n<\/div>\n<\/div>\n","protected":false},"excerpt":{"rendered":"<p>Casa D&#8217;Estate R\u00e9novation d&#8217;une maison en pierre et lauze par les architectesBuchner et Brundlerhttps:\/\/bbarc.ch\/en\/casa-destate Lien des donn\u00e9es partag\u00e9es Exemples de r\u00e9alisations<\/p>\n","protected":false},"author":1,"featured_media":0,"parent":0,"menu_order":0,"comment_status":"closed","ping_status":"closed","template":"","meta":{"_import_markdown_pro_load_document_selector":0,"_import_markdown_pro_submit_text_textarea":"","footnotes":""},"folder":[],"class_list":["post-1585","page","type-page","status-publish","hentry","entry"],"_links":{"self":[{"href":"https:\/\/enseignement-sta.fr\/index.php\/wp-json\/wp\/v2\/pages\/1585","targetHints":{"allow":["GET"]}}],"collection":[{"href":"https:\/\/enseignement-sta.fr\/index.php\/wp-json\/wp\/v2\/pages"}],"about":[{"href":"https:\/\/enseignement-sta.fr\/index.php\/wp-json\/wp\/v2\/types\/page"}],"author":[{"embeddable":true,"href":"https:\/\/enseignement-sta.fr\/index.php\/wp-json\/wp\/v2\/users\/1"}],"replies":[{"embeddable":true,"href":"https:\/\/enseignement-sta.fr\/index.php\/wp-json\/wp\/v2\/comments?post=1585"}],"version-history":[{"count":49,"href":"https:\/\/enseignement-sta.fr\/index.php\/wp-json\/wp\/v2\/pages\/1585\/revisions"}],"predecessor-version":[{"id":2270,"href":"https:\/\/enseignement-sta.fr\/index.php\/wp-json\/wp\/v2\/pages\/1585\/revisions\/2270"}],"wp:attachment":[{"href":"https:\/\/enseignement-sta.fr\/index.php\/wp-json\/wp\/v2\/media?parent=1585"}],"wp:term":[{"taxonomy":"folder","embeddable":true,"href":"https:\/\/enseignement-sta.fr\/index.php\/wp-json\/wp\/v2\/folder?post=1585"}],"curies":[{"name":"wp","href":"https:\/\/api.w.org\/{rel}","templated":true}]}}