{"id":39,"date":"2022-08-08T15:47:22","date_gmt":"2022-08-08T13:47:22","guid":{"rendered":"https:\/\/enseignement-sta.fr\/?page_id=39"},"modified":"2025-10-14T09:32:42","modified_gmt":"2025-10-14T07:32:42","slug":"da","status":"publish","type":"page","link":"https:\/\/enseignement-sta.fr\/index.php\/da\/","title":{"rendered":"CAD &#8211; Fondamentaux de repr\u00e9sentation et de CAO"},"content":{"rendered":"\n<div class=\"wp-block-cover alignfull is-light\" style=\"min-height:354px;aspect-ratio:unset;\"><img decoding=\"async\" width=\"2560\" height=\"1715\" class=\"wp-block-cover__image-background wp-image-893 lazyload\" alt=\"\" data-src=\"https:\/\/enseignement-sta.fr\/wp-content\/uploads\/2023\/08\/Pers-pigeon-scaled.jpg\" data-object-fit=\"cover\" data-srcset=\"https:\/\/enseignement-sta.fr\/wp-content\/uploads\/2023\/08\/Pers-pigeon-scaled.jpg 2560w, https:\/\/enseignement-sta.fr\/wp-content\/uploads\/2023\/08\/Pers-pigeon-300x201.jpg 300w, https:\/\/enseignement-sta.fr\/wp-content\/uploads\/2023\/08\/Pers-pigeon-1024x686.jpg 1024w, https:\/\/enseignement-sta.fr\/wp-content\/uploads\/2023\/08\/Pers-pigeon-768x515.jpg 768w, https:\/\/enseignement-sta.fr\/wp-content\/uploads\/2023\/08\/Pers-pigeon-1536x1029.jpg 1536w, https:\/\/enseignement-sta.fr\/wp-content\/uploads\/2023\/08\/Pers-pigeon-2048x1372.jpg 2048w, https:\/\/enseignement-sta.fr\/wp-content\/uploads\/2023\/08\/Pers-pigeon-1568x1051.jpg 1568w\" data-sizes=\"(max-width: 2560px) 100vw, 2560px\" src=\"data:image\/svg+xml;base64,PHN2ZyB3aWR0aD0iMSIgaGVpZ2h0PSIxIiB4bWxucz0iaHR0cDovL3d3dy53My5vcmcvMjAwMC9zdmciPjwvc3ZnPg==\" style=\"--smush-placeholder-width: 2560px; --smush-placeholder-aspect-ratio: 2560\/1715;\" \/><span aria-hidden=\"true\" class=\"wp-block-cover__background has-background-dim-40 has-background-dim\"><\/span><div class=\"wp-block-cover__inner-container is-layout-flow wp-block-cover-is-layout-flow\">\n<p><\/p>\n\n\n\n<h3 class=\"wp-block-heading alignwide has-text-align-center has-body-background-color has-text-color\" style=\"font-size:62px\">Dessin de r\u00e9f\u00e9rences architecturales<\/h3>\n\n\n\n<p class=\"has-text-align-center is-style-default has-body-background-color has-text-color\"><strong>Dessiner les r\u00e9f\u00e9rences \u00e0 l&#8217;\u00e9tude dans vos groupes de projet et composer une restitution graphique. <\/strong><\/p>\n<\/div><\/div>\n\n\n\n<hr class=\"wp-block-separator alignwide has-alpha-channel-opacity\"\/>\n\n\n\n<div class=\"wp-block-columns alignwide is-layout-flex wp-container-core-columns-is-layout-9d6595d7 wp-block-columns-is-layout-flex\">\n<div class=\"wp-block-column is-layout-flow wp-block-column-is-layout-flow\">\n<p class=\"has-gray-color has-text-color has-large-font-size\"><strong>DAO &#8211; dessin vectoriel<\/strong><\/p>\n\n\n\n<p>Acc\u00e8s au dossier de donn\u00e9es partag\u00e9es <\/p>\n\n\n\n<p><\/p>\n<\/div>\n\n\n\n<div class=\"wp-block-column is-layout-flow wp-block-column-is-layout-flow\">\n<div class=\"wp-block-buttons is-content-justification-right is-layout-flex wp-container-core-buttons-is-layout-765c4724 wp-block-buttons-is-layout-flex\">\n<div class=\"wp-block-button is-style-outline is-style-outline--1\"><a class=\"wp-block-button__link wp-element-button\" href=\"https:\/\/e.pcloud.link\/publink\/show?code=kZoANOZfsKg05Ry7qBE6Issn7DJ4Fu4wmck\" target=\"_blank\" rel=\"noreferrer noopener\">DATA <\/a><\/div>\n<\/div>\n<\/div>\n<\/div>\n\n\n\n<hr class=\"wp-block-separator alignfull has-alpha-channel-opacity\"\/>\n\n\n\n<div class=\"wp-block-columns alignwide is-layout-flex wp-container-core-columns-is-layout-9d6595d7 wp-block-columns-is-layout-flex\">\n<div class=\"wp-block-column is-layout-flow wp-block-column-is-layout-flow\">\n<figure class=\"wp-block-image size-full\"><a href=\"https:\/\/e.pcloud.link\/publink\/show?code=XZoa3OZQDCMXXBrCTf7iaDExiVasy2c6BNX\" target=\"_blank\" rel=\" noreferrer noopener\"><img decoding=\"async\" data-src=\"https:\/\/enseignement-sta.fr\/wp-content\/uploads\/2025\/09\/MINIATURES-TD-SITE-CAD-TD-1-1-1.jpg\" alt=\"\" class=\"wp-image-2283 lazyload\" style=\"--smush-placeholder-width: 11812px; --smush-placeholder-aspect-ratio: 11812\/11812;aspect-ratio:1;object-fit:cover\" src=\"data:image\/svg+xml;base64,PHN2ZyB3aWR0aD0iMSIgaGVpZ2h0PSIxIiB4bWxucz0iaHR0cDovL3d3dy53My5vcmcvMjAwMC9zdmciPjwvc3ZnPg==\" \/><\/a><\/figure>\n<\/div>\n\n\n\n<div class=\"wp-block-column is-layout-flow wp-block-column-is-layout-flow\">\n<figure class=\"wp-block-image size-full\"><a href=\"https:\/\/e.pcloud.link\/publink\/show?code=XZ80JUZ9lbXtz9VfG46zFpAxMn1NSBuFwhV\" target=\"_blank\" rel=\" noreferrer noopener\"><img decoding=\"async\" data-src=\"https:\/\/enseignement-sta.fr\/wp-content\/uploads\/2025\/09\/MINIATURES-TD-SITE-CAD-TD-2-.jpg\" alt=\"\" class=\"wp-image-2282 lazyload\" style=\"--smush-placeholder-width: 11812px; --smush-placeholder-aspect-ratio: 11812\/11812;aspect-ratio:1;object-fit:cover\" src=\"data:image\/svg+xml;base64,PHN2ZyB3aWR0aD0iMSIgaGVpZ2h0PSIxIiB4bWxucz0iaHR0cDovL3d3dy53My5vcmcvMjAwMC9zdmciPjwvc3ZnPg==\" \/><\/a><\/figure>\n<\/div>\n\n\n\n<div class=\"wp-block-column is-layout-flow wp-block-column-is-layout-flow\">\n<figure class=\"wp-block-image size-full\"><a href=\"https:\/\/e.pcloud.link\/publink\/show?code=XZNejUZ9kWYcdNzEBQaFfDdM3NMWzz9JLn7\" target=\"_blank\" rel=\" noreferrer noopener\"><img decoding=\"async\" data-src=\"https:\/\/enseignement-sta.fr\/wp-content\/uploads\/2025\/09\/MINIATURES-TD-SITE-CAD-TD-3-.jpg\" alt=\"\" class=\"wp-image-2284 lazyload\" style=\"--smush-placeholder-width: 11812px; --smush-placeholder-aspect-ratio: 11812\/11812;aspect-ratio:1;object-fit:cover\" src=\"data:image\/svg+xml;base64,PHN2ZyB3aWR0aD0iMSIgaGVpZ2h0PSIxIiB4bWxucz0iaHR0cDovL3d3dy53My5vcmcvMjAwMC9zdmciPjwvc3ZnPg==\" \/><\/a><\/figure>\n<\/div>\n\n\n\n<div class=\"wp-block-column is-layout-flow wp-block-column-is-layout-flow\">\n<figure class=\"wp-block-image size-full\"><a href=\"https:\/\/e.pcloud.link\/publink\/show?code=XZgmPUZSV9FsC5Ncl0nnpHVvR7xrhKCxur7\" target=\"_blank\" rel=\" noreferrer noopener\"><img decoding=\"async\" data-src=\"https:\/\/enseignement-sta.fr\/wp-content\/uploads\/2025\/09\/MINIATURES-TD-SITE-CAD-TD-4-.jpg\" alt=\"\" class=\"wp-image-2285 lazyload\" style=\"--smush-placeholder-width: 11812px; --smush-placeholder-aspect-ratio: 11812\/11812;aspect-ratio:1;object-fit:cover\" src=\"data:image\/svg+xml;base64,PHN2ZyB3aWR0aD0iMSIgaGVpZ2h0PSIxIiB4bWxucz0iaHR0cDovL3d3dy53My5vcmcvMjAwMC9zdmciPjwvc3ZnPg==\" \/><\/a><\/figure>\n<\/div>\n\n\n\n<div class=\"wp-block-column is-layout-flow wp-block-column-is-layout-flow\">\n<figure class=\"wp-block-image size-full\"><a href=\"https:\/\/e.pcloud.link\/publink\/show?code=XZSSAUZAhu7AbrKGwp2s084DgMSTm00R2mX\" target=\"_blank\" rel=\" noreferrer noopener\"><img decoding=\"async\" data-src=\"https:\/\/enseignement-sta.fr\/wp-content\/uploads\/2025\/09\/MINIATURES-TD-SITE-CAD-TD-5-.jpg\" alt=\"\" class=\"wp-image-2286 lazyload\" style=\"--smush-placeholder-width: 11812px; --smush-placeholder-aspect-ratio: 11812\/11812;aspect-ratio:1;object-fit:cover\" src=\"data:image\/svg+xml;base64,PHN2ZyB3aWR0aD0iMSIgaGVpZ2h0PSIxIiB4bWxucz0iaHR0cDovL3d3dy53My5vcmcvMjAwMC9zdmciPjwvc3ZnPg==\" \/><\/a><\/figure>\n<\/div>\n<\/div>\n\n\n\n<div class=\"wp-block-columns alignwide is-layout-flex wp-container-core-columns-is-layout-9d6595d7 wp-block-columns-is-layout-flex\">\n<div class=\"wp-block-column is-layout-flow wp-block-column-is-layout-flow\">\n<p class=\"has-text-align-center has-dark-gray-color has-text-color has-link-color wp-elements-c918b09b3a732bf092d8c82f40383717\">Mise \u00e0 l&#8217;\u00e9chelle de plan<\/p>\n<\/div>\n\n\n\n<div class=\"wp-block-column is-layout-flow wp-block-column-is-layout-flow\">\n<p class=\"has-text-align-center has-dark-gray-color has-text-color has-link-color wp-elements-9c14b50fd5efe826bcff8ed60482d942\">Dessin du premier plan<br>trac\u00e9 des porteurs<\/p>\n<\/div>\n\n\n\n<div class=\"wp-block-column is-layout-flow wp-block-column-is-layout-flow\">\n<p class=\"has-text-align-center has-dark-gray-color has-text-color has-link-color wp-elements-eac5eebd687331bb46e907d58773fb13\">Annotations <br>Blocs<\/p>\n<\/div>\n\n\n\n<div class=\"wp-block-column is-layout-flow wp-block-column-is-layout-flow\">\n<p class=\"has-text-align-center has-gray-color has-text-color has-link-color wp-elements-6d3181593e637d89df5a7d763590f83a\">r\u00e9f\u00e9rences externes<br>Gestion de lien <\/p>\n<\/div>\n\n\n\n<div class=\"wp-block-column is-layout-flow wp-block-column-is-layout-flow\">\n<p class=\"has-text-align-center\">CTB impressions norm\u00e9es<\/p>\n<\/div>\n<\/div>\n\n\n\n<hr class=\"wp-block-separator alignfull has-alpha-channel-opacity\"\/>\n\n\n\n<h3 class=\"wp-block-heading alignwide has-text-color has-link-color wp-elements-44f871a73c69d320d4b6df46809af7a8\" style=\"color:#6983ab\"><strong>Manipulations et outils de base :<\/strong><\/h3>\n\n\n\n<div class=\"wp-block-columns alignwide is-layout-flex wp-container-core-columns-is-layout-9d6595d7 wp-block-columns-is-layout-flex\">\n<div class=\"wp-block-column is-layout-flow wp-block-column-is-layout-flow\">\n<figure class=\"wp-block-video\"><video height=\"1080\" style=\"aspect-ratio: 1080 \/ 1080;\" width=\"1080\" controls src=\"https:\/\/enseignement-sta.fr\/wp-content\/uploads\/2025\/09\/MEMO-CAD-Ajuster.mp4\"><\/video><\/figure>\n<\/div>\n\n\n\n<div class=\"wp-block-column is-layout-flow wp-block-column-is-layout-flow\">\n<figure class=\"wp-block-video\"><video height=\"1080\" style=\"aspect-ratio: 1080 \/ 1080;\" width=\"1080\" controls src=\"https:\/\/enseignement-sta.fr\/wp-content\/uploads\/2025\/09\/MEMO-CAD-Decaler.mp4\"><\/video><\/figure>\n<\/div>\n\n\n\n<div class=\"wp-block-column is-layout-flow wp-block-column-is-layout-flow\">\n<figure class=\"wp-block-video\"><video height=\"1080\" style=\"aspect-ratio: 1080 \/ 1080;\" width=\"1080\" controls src=\"https:\/\/enseignement-sta.fr\/wp-content\/uploads\/2025\/09\/MEMO-CAD-Miroir.mp4\"><\/video><\/figure>\n<\/div>\n<\/div>\n\n\n\n<div class=\"wp-block-columns alignwide is-layout-flex wp-container-core-columns-is-layout-9d6595d7 wp-block-columns-is-layout-flex\">\n<div class=\"wp-block-column is-layout-flow wp-block-column-is-layout-flow\">\n<figure class=\"wp-block-video\"><video height=\"1080\" style=\"aspect-ratio: 1080 \/ 1080;\" width=\"1080\" controls src=\"https:\/\/enseignement-sta.fr\/wp-content\/uploads\/2025\/09\/MEMO-CAD-Raccord.mp4\"><\/video><\/figure>\n<\/div>\n\n\n\n<div class=\"wp-block-column is-layout-flow wp-block-column-is-layout-flow\">\n<figure class=\"wp-block-video\"><video height=\"1080\" style=\"aspect-ratio: 1080 \/ 1080;\" width=\"1080\" controls src=\"https:\/\/enseignement-sta.fr\/wp-content\/uploads\/2025\/09\/MEMO-CAD-Rectangle.mp4\"><\/video><\/figure>\n<\/div>\n\n\n\n<div class=\"wp-block-column is-layout-flow wp-block-column-is-layout-flow\">\n<figure class=\"wp-block-video\"><video height=\"1080\" style=\"aspect-ratio: 1080 \/ 1080;\" width=\"1080\" controls src=\"https:\/\/enseignement-sta.fr\/wp-content\/uploads\/2025\/09\/MEMO-CAD-Rotation.mp4\"><\/video><\/figure>\n<\/div>\n<\/div>\n\n\n\n<hr class=\"wp-block-separator alignfull has-text-color has-accent-color has-alpha-channel-opacity has-accent-background-color has-background is-style-wide\"\/>\n\n\n\n<p><\/p>\n","protected":false},"excerpt":{"rendered":"<p>DAO &#8211; dessin vectoriel Acc\u00e8s au dossier de donn\u00e9es partag\u00e9es Mise \u00e0 l&#8217;\u00e9chelle de plan Dessin du premier plantrac\u00e9 des porteurs Annotations Blocs r\u00e9f\u00e9rences externesGestion de lien CTB impressions norm\u00e9es Manipulations et outils de base :<\/p>\n","protected":false},"author":1,"featured_media":0,"parent":0,"menu_order":0,"comment_status":"closed","ping_status":"closed","template":"template-page-builder.php","meta":{"_import_markdown_pro_load_document_selector":0,"_import_markdown_pro_submit_text_textarea":"","footnotes":""},"folder":[],"class_list":["post-39","page","type-page","status-publish","hentry","entry"],"_links":{"self":[{"href":"https:\/\/enseignement-sta.fr\/index.php\/wp-json\/wp\/v2\/pages\/39","targetHints":{"allow":["GET"]}}],"collection":[{"href":"https:\/\/enseignement-sta.fr\/index.php\/wp-json\/wp\/v2\/pages"}],"about":[{"href":"https:\/\/enseignement-sta.fr\/index.php\/wp-json\/wp\/v2\/types\/page"}],"author":[{"embeddable":true,"href":"https:\/\/enseignement-sta.fr\/index.php\/wp-json\/wp\/v2\/users\/1"}],"replies":[{"embeddable":true,"href":"https:\/\/enseignement-sta.fr\/index.php\/wp-json\/wp\/v2\/comments?post=39"}],"version-history":[{"count":168,"href":"https:\/\/enseignement-sta.fr\/index.php\/wp-json\/wp\/v2\/pages\/39\/revisions"}],"predecessor-version":[{"id":2326,"href":"https:\/\/enseignement-sta.fr\/index.php\/wp-json\/wp\/v2\/pages\/39\/revisions\/2326"}],"wp:attachment":[{"href":"https:\/\/enseignement-sta.fr\/index.php\/wp-json\/wp\/v2\/media?parent=39"}],"wp:term":[{"taxonomy":"folder","embeddable":true,"href":"https:\/\/enseignement-sta.fr\/index.php\/wp-json\/wp\/v2\/folder?post=39"}],"curies":[{"name":"wp","href":"https:\/\/api.w.org\/{rel}","templated":true}]}}