{"id":59,"date":"2022-08-08T16:26:51","date_gmt":"2022-08-08T14:26:51","guid":{"rendered":"https:\/\/enseignement-sta.fr\/?page_id=59"},"modified":"2025-11-16T18:16:33","modified_gmt":"2025-11-16T17:16:33","slug":"cg-1","status":"publish","type":"page","link":"https:\/\/enseignement-sta.fr\/index.php\/cg-1\/","title":{"rendered":"S5 &#8211; IMG synth"},"content":{"rendered":"\n<div class=\"wp-block-columns alignwide is-layout-flex wp-container-core-columns-is-layout-9d6595d7 wp-block-columns-is-layout-flex\">\n<div class=\"wp-block-column is-layout-flow wp-block-column-is-layout-flow\">\n<p>Cours magistraux et travaux dirig\u00e9s concernant la cr\u00e9ation d&#8217;images de synth\u00e8se de deux projets d&#8217;\u00e9chelles distinctes <\/p>\n<\/div>\n\n\n\n<div class=\"wp-block-column is-layout-flow wp-block-column-is-layout-flow\"><\/div>\n<\/div>\n\n\n\n<hr class=\"wp-block-separator alignfull has-text-color has-accent-color has-alpha-channel-opacity has-accent-background-color has-background is-style-wide\"\/>\n\n\n\n<div class=\"wp-block-columns alignwide is-layout-flex wp-container-core-columns-is-layout-9d6595d7 wp-block-columns-is-layout-flex\">\n<div class=\"wp-block-column is-vertically-aligned-center is-layout-flow wp-block-column-is-layout-flow\">\n<p><strong>Lien des data(s) partag\u00e9es<\/strong><\/p>\n<\/div>\n\n\n\n<div class=\"wp-block-column is-layout-flow wp-block-column-is-layout-flow\">\n<div class=\"wp-block-buttons alignwide is-content-justification-right is-layout-flex wp-container-core-buttons-is-layout-765c4724 wp-block-buttons-is-layout-flex\">\n<div class=\"wp-block-button is-style-outline is-style-outline--1\"><a class=\"wp-block-button__link has-dark-gray-color has-text-color has-link-color wp-element-button\" href=\"https:\/\/e.pcloud.link\/publink\/show?code=kZ02tKZGw8RBLhM9XfOgEXrewQv4F6lH0mk\" target=\"_blank\" rel=\"noreferrer noopener\"> DATA <\/a><\/div>\n<\/div>\n<\/div>\n<\/div>\n\n\n\n<hr class=\"wp-block-separator alignwide has-alpha-channel-opacity\"\/>\n\n\n\n<div class=\"wp-block-columns alignwide is-layout-flex wp-container-core-columns-is-layout-9d6595d7 wp-block-columns-is-layout-flex\">\n<div class=\"wp-block-column is-layout-flow wp-block-column-is-layout-flow\">\n<div data-wp-interactive=\"core\/file\" class=\"wp-block-file\"><object data-wp-bind--hidden=\"!state.hasPdfPreview\" hidden class=\"wp-block-file__embed\" data=\"https:\/\/enseignement-sta.fr\/wp-content\/uploads\/2024\/03\/ENSAM-S4-CG-REGLAGES-CYLCLES-1-1.pdf\" type=\"application\/pdf\" style=\"width:100%;height:280px\" aria-label=\"Contenu embarqu\u00e9 ENSAM-S4-CG-REGLAGES-CYLCLES-1-1.\"><\/object><a id=\"wp-block-file--media-6aebb455-a72d-487f-bbda-696db2970d5d\" href=\"https:\/\/enseignement-sta.fr\/wp-content\/uploads\/2024\/03\/ENSAM-S4-CG-REGLAGES-CYLCLES-1-1.pdf\" target=\"_blank\" rel=\"noreferrer noopener\">ENSAM-S4-CG-REGLAGES-CYLCLES-1-1<\/a><\/div>\n<\/div>\n\n\n\n<div class=\"wp-block-column is-layout-flow wp-block-column-is-layout-flow\">\n<div data-wp-interactive=\"core\/file\" class=\"wp-block-file\"><object data-wp-bind--hidden=\"!state.hasPdfPreview\" hidden class=\"wp-block-file__embed\" data=\"https:\/\/enseignement-sta.fr\/wp-content\/uploads\/2023\/04\/ENSAM-S4-CG-ADD-MTX-ASSET.pdf\" type=\"application\/pdf\" style=\"width:100%;height:280px\" aria-label=\"Contenu embarqu\u00e9 MAT-ASSET.\"><\/object><a id=\"wp-block-file--media-8bc1f683-1da1-456a-9165-556440de0918\" href=\"https:\/\/enseignement-sta.fr\/wp-content\/uploads\/2023\/04\/ENSAM-S4-CG-ADD-MTX-ASSET.pdf\" target=\"_blank\" rel=\"noreferrer noopener\">MAT-ASSET<\/a><\/div>\n<\/div>\n\n\n\n<div class=\"wp-block-column is-vertically-aligned-top is-layout-flow wp-block-column-is-layout-flow\">\n<div data-wp-interactive=\"core\/file\" class=\"wp-block-file\"><object data-wp-bind--hidden=\"!state.hasPdfPreview\" hidden class=\"wp-block-file__embed\" data=\"https:\/\/enseignement-sta.fr\/wp-content\/uploads\/2023\/04\/ENSAM-S4-CG-IMPORT-EXPORT-ARCHI-VERS-BLENDER.pdf\" type=\"application\/pdf\" style=\"width:100%;height:280px\" aria-label=\"Contenu embarqu\u00e9 LOG ARCHI-VERS-BLENDER.\"><\/object><a id=\"wp-block-file--media-994c8a9b-816b-4e3f-a785-8fc8991499f9\" href=\"https:\/\/enseignement-sta.fr\/wp-content\/uploads\/2023\/04\/ENSAM-S4-CG-IMPORT-EXPORT-ARCHI-VERS-BLENDER.pdf\" target=\"_blank\" rel=\"noreferrer noopener\">LOG ARCHI-VERS-BLENDER<\/a><\/div>\n<\/div>\n<\/div>\n\n\n\n<hr class=\"wp-block-separator alignfull has-text-color has-accent-color has-alpha-channel-opacity has-accent-background-color has-background is-style-wide\"\/>\n\n\n\n<div class=\"wp-block-columns alignwide is-layout-flex wp-container-core-columns-is-layout-9d6595d7 wp-block-columns-is-layout-flex\">\n<div class=\"wp-block-column is-vertically-aligned-center is-layout-flow wp-block-column-is-layout-flow\">\n<div data-wp-interactive=\"core\/file\" class=\"wp-block-file\"><object data-wp-bind--hidden=\"!state.hasPdfPreview\" hidden class=\"wp-block-file__embed\" data=\"https:\/\/enseignement-sta.fr\/wp-content\/uploads\/2025\/02\/ENSAM-S4-CG-TD1-CAMERA-LUX-.pdf\" type=\"application\/pdf\" style=\"width:100%;height:420px\" aria-label=\"Contenu embarqu\u00e9 ENSAM - S4 - CG - TD1 - CAMERA LUX.\"><\/object><a id=\"wp-block-file--media-ae4f0047-626d-467f-bfba-33bd1daa8730\" href=\"https:\/\/enseignement-sta.fr\/wp-content\/uploads\/2025\/02\/ENSAM-S4-CG-TD1-CAMERA-LUX-.pdf\" target=\"_blank\" rel=\"noreferrer noopener\">ENSAM &#8211; S4 &#8211; CG &#8211; TD1 &#8211; CAMERA LUX<\/a><\/div>\n<\/div>\n\n\n\n<div class=\"wp-block-column is-layout-flow wp-block-column-is-layout-flow\">\n<div data-wp-interactive=\"core\/file\" class=\"wp-block-file\"><object data-wp-bind--hidden=\"!state.hasPdfPreview\" hidden class=\"wp-block-file__embed\" data=\"https:\/\/enseignement-sta.fr\/wp-content\/uploads\/2025\/02\/ENSAM-S4-CG-TD2-MTX-ROUGHNESS-1.pdf\" type=\"application\/pdf\" style=\"width:100%;height:420px\" aria-label=\"Contenu embarqu\u00e9 ENSAM - S4 - CG - TD2 - MTX ROUGHNESS.\"><\/object><a id=\"wp-block-file--media-506ebe74-553f-4131-8978-d679dd2b77ed\" href=\"https:\/\/enseignement-sta.fr\/wp-content\/uploads\/2025\/02\/ENSAM-S4-CG-TD2-MTX-ROUGHNESS-1.pdf\" target=\"_blank\" rel=\"noreferrer noopener\">ENSAM &#8211; S4 &#8211; CG &#8211; TD2 &#8211; MTX ROUGHNESS<\/a><\/div>\n<\/div>\n<\/div>\n\n\n\n<div class=\"wp-block-columns alignwide is-layout-flex wp-container-core-columns-is-layout-9d6595d7 wp-block-columns-is-layout-flex\">\n<div class=\"wp-block-column is-vertically-aligned-center is-layout-flow wp-block-column-is-layout-flow\">\n<div data-wp-interactive=\"core\/file\" class=\"wp-block-file\"><object data-wp-bind--hidden=\"!state.hasPdfPreview\" hidden class=\"wp-block-file__embed\" data=\"https:\/\/enseignement-sta.fr\/wp-content\/uploads\/2025\/03\/ENSAM-S4-CG-TD3-MTX-UV1-.pdf\" type=\"application\/pdf\" style=\"width:100%;height:420px\" aria-label=\"Contenu embarqu\u00e9 ENSAM - S4 - CG - TD3 - MTX UV1.\"><\/object><a id=\"wp-block-file--media-dace6d4a-403b-4ade-9a2f-e07fff890e7a\" href=\"https:\/\/enseignement-sta.fr\/wp-content\/uploads\/2025\/03\/ENSAM-S4-CG-TD3-MTX-UV1-.pdf\" target=\"_blank\" rel=\"noreferrer noopener\">ENSAM &#8211; S4 &#8211; CG &#8211; TD3 &#8211; MTX UV1<\/a><\/div>\n<\/div>\n\n\n\n<div class=\"wp-block-column is-layout-flow wp-block-column-is-layout-flow\">\n<div data-wp-interactive=\"core\/file\" class=\"wp-block-file\"><object data-wp-bind--hidden=\"!state.hasPdfPreview\" hidden class=\"wp-block-file__embed\" data=\"https:\/\/enseignement-sta.fr\/wp-content\/uploads\/2025\/03\/ENSAM-S4-CG-TD4-MTX-UV2-1-1.pdf\" type=\"application\/pdf\" style=\"width:100%;height:420px\" aria-label=\"Contenu embarqu\u00e9 ENSAM - S4 - CG - TD4 - MTX UV2.\"><\/object><a id=\"wp-block-file--media-6ff55c63-3456-4039-9d7b-c159eeaf2dbb\" href=\"https:\/\/enseignement-sta.fr\/wp-content\/uploads\/2025\/03\/ENSAM-S4-CG-TD4-MTX-UV2-1-1.pdf\" target=\"_blank\" rel=\"noreferrer noopener\">ENSAM &#8211; S4 &#8211; CG &#8211; TD4 &#8211; MTX UV2<\/a><\/div>\n<\/div>\n<\/div>\n\n\n\n<div class=\"wp-block-columns alignwide is-layout-flex wp-container-core-columns-is-layout-9d6595d7 wp-block-columns-is-layout-flex\">\n<div class=\"wp-block-column is-vertically-aligned-center is-layout-flow wp-block-column-is-layout-flow\">\n<div data-wp-interactive=\"core\/file\" class=\"wp-block-file\"><object data-wp-bind--hidden=\"!state.hasPdfPreview\" hidden class=\"wp-block-file__embed\" data=\"https:\/\/enseignement-sta.fr\/wp-content\/uploads\/2025\/03\/ENSAM-S4-CG-TD4-SCATT-2.pdf\" type=\"application\/pdf\" style=\"width:100%;height:420px\" aria-label=\"Contenu embarqu\u00e9 ENSAM - S4 - CG - TD4 - SCATT.\"><\/object><a id=\"wp-block-file--media-674fdda1-0dbb-4a8b-95c0-456730693418\" href=\"https:\/\/enseignement-sta.fr\/wp-content\/uploads\/2025\/03\/ENSAM-S4-CG-TD4-SCATT-2.pdf\" target=\"_blank\" rel=\"noreferrer noopener\">ENSAM &#8211; S4 &#8211; CG &#8211; TD4 &#8211; SCATT<\/a><\/div>\n<\/div>\n\n\n\n<div class=\"wp-block-column is-layout-flow wp-block-column-is-layout-flow\"><\/div>\n<\/div>\n\n\n\n<div style=\"height:50px\" aria-hidden=\"true\" class=\"wp-block-spacer\"><\/div>\n\n\n\n<hr class=\"wp-block-separator alignfull has-alpha-channel-opacity is-style-twentytwentyone-separator-thick\"\/>\n\n\n\n<div style=\"height:63px\" aria-hidden=\"true\" class=\"wp-block-spacer\"><\/div>\n\n\n\n<div class=\"wp-block-columns alignwide is-layout-flex wp-container-core-columns-is-layout-9d6595d7 wp-block-columns-is-layout-flex\">\n<div class=\"wp-block-column is-layout-flow wp-block-column-is-layout-flow\">\n<p>Travaux \u00e9tudiants <\/p>\n<\/div>\n\n\n\n<div class=\"wp-block-column is-layout-flow wp-block-column-is-layout-flow\"><\/div>\n<\/div>\n\n\n\n<div class=\"wp-block-columns alignwide is-layout-flex wp-container-core-columns-is-layout-9d6595d7 wp-block-columns-is-layout-flex\">\n<div class=\"wp-block-column is-layout-flow wp-block-column-is-layout-flow\">\n<figure class=\"wp-block-image size-large is-resized\"><img decoding=\"async\" width=\"1024\" height=\"683\" data-src=\"https:\/\/enseignement-sta.fr\/wp-content\/uploads\/2024\/02\/calvin-maxime--1024x683.jpg\" alt=\"\" class=\"wp-image-1564 lazyload\" style=\"--smush-placeholder-width: 1024px; --smush-placeholder-aspect-ratio: 1024\/683;aspect-ratio:1;object-fit:cover;width:413px;height:auto\" data-srcset=\"https:\/\/enseignement-sta.fr\/wp-content\/uploads\/2024\/02\/calvin-maxime--1024x683.jpg 1024w, https:\/\/enseignement-sta.fr\/wp-content\/uploads\/2024\/02\/calvin-maxime--300x200.jpg 300w, https:\/\/enseignement-sta.fr\/wp-content\/uploads\/2024\/02\/calvin-maxime--768x512.jpg 768w, https:\/\/enseignement-sta.fr\/wp-content\/uploads\/2024\/02\/calvin-maxime--1536x1025.jpg 1536w, https:\/\/enseignement-sta.fr\/wp-content\/uploads\/2024\/02\/calvin-maxime--1568x1046.jpg 1568w, https:\/\/enseignement-sta.fr\/wp-content\/uploads\/2024\/02\/calvin-maxime-.jpg 1872w\" data-sizes=\"(max-width: 1024px) 100vw, 1024px\" src=\"data:image\/svg+xml;base64,PHN2ZyB3aWR0aD0iMSIgaGVpZ2h0PSIxIiB4bWxucz0iaHR0cDovL3d3dy53My5vcmcvMjAwMC9zdmciPjwvc3ZnPg==\" \/><\/figure>\n<\/div>\n\n\n\n<div class=\"wp-block-column is-layout-flow wp-block-column-is-layout-flow\">\n<figure class=\"wp-block-image size-large is-resized\"><img decoding=\"async\" width=\"1024\" height=\"1024\" data-src=\"https:\/\/enseignement-sta.fr\/wp-content\/uploads\/2024\/02\/Delbegue-madison-1024x1024.png\" alt=\"\" class=\"wp-image-1565 lazyload\" style=\"--smush-placeholder-width: 1024px; --smush-placeholder-aspect-ratio: 1024\/1024;object-fit:cover;width:416px;height:auto\" data-srcset=\"https:\/\/enseignement-sta.fr\/wp-content\/uploads\/2024\/02\/Delbegue-madison-1024x1024.png 1024w, https:\/\/enseignement-sta.fr\/wp-content\/uploads\/2024\/02\/Delbegue-madison-300x300.png 300w, https:\/\/enseignement-sta.fr\/wp-content\/uploads\/2024\/02\/Delbegue-madison-150x150.png 150w, https:\/\/enseignement-sta.fr\/wp-content\/uploads\/2024\/02\/Delbegue-madison-768x768.png 768w, https:\/\/enseignement-sta.fr\/wp-content\/uploads\/2024\/02\/Delbegue-madison-1536x1536.png 1536w, https:\/\/enseignement-sta.fr\/wp-content\/uploads\/2024\/02\/Delbegue-madison-1568x1568.png 1568w, https:\/\/enseignement-sta.fr\/wp-content\/uploads\/2024\/02\/Delbegue-madison.png 2000w\" data-sizes=\"(max-width: 1024px) 100vw, 1024px\" src=\"data:image\/svg+xml;base64,PHN2ZyB3aWR0aD0iMSIgaGVpZ2h0PSIxIiB4bWxucz0iaHR0cDovL3d3dy53My5vcmcvMjAwMC9zdmciPjwvc3ZnPg==\" \/><\/figure>\n<\/div>\n\n\n\n<div class=\"wp-block-column is-layout-flow wp-block-column-is-layout-flow\">\n<figure class=\"wp-block-image size-large is-resized\"><img decoding=\"async\" width=\"1024\" height=\"576\" data-src=\"https:\/\/enseignement-sta.fr\/wp-content\/uploads\/2024\/02\/Gaggelli-CHiara-2--1024x576.png\" alt=\"\" class=\"wp-image-1566 lazyload\" style=\"--smush-placeholder-width: 1024px; --smush-placeholder-aspect-ratio: 1024\/576;aspect-ratio:1;object-fit:cover;width:413px;height:auto\" data-srcset=\"https:\/\/enseignement-sta.fr\/wp-content\/uploads\/2024\/02\/Gaggelli-CHiara-2--1024x576.png 1024w, https:\/\/enseignement-sta.fr\/wp-content\/uploads\/2024\/02\/Gaggelli-CHiara-2--300x169.png 300w, https:\/\/enseignement-sta.fr\/wp-content\/uploads\/2024\/02\/Gaggelli-CHiara-2--768x432.png 768w, https:\/\/enseignement-sta.fr\/wp-content\/uploads\/2024\/02\/Gaggelli-CHiara-2--1536x864.png 1536w, https:\/\/enseignement-sta.fr\/wp-content\/uploads\/2024\/02\/Gaggelli-CHiara-2--1568x882.png 1568w, https:\/\/enseignement-sta.fr\/wp-content\/uploads\/2024\/02\/Gaggelli-CHiara-2-.png 1920w\" data-sizes=\"(max-width: 1024px) 100vw, 1024px\" src=\"data:image\/svg+xml;base64,PHN2ZyB3aWR0aD0iMSIgaGVpZ2h0PSIxIiB4bWxucz0iaHR0cDovL3d3dy53My5vcmcvMjAwMC9zdmciPjwvc3ZnPg==\" \/><\/figure>\n<\/div>\n<\/div>\n\n\n\n<div class=\"wp-block-columns alignwide is-layout-flex wp-container-core-columns-is-layout-9d6595d7 wp-block-columns-is-layout-flex\">\n<div class=\"wp-block-column is-layout-flow wp-block-column-is-layout-flow\">\n<figure class=\"wp-block-image size-large\"><img decoding=\"async\" width=\"1024\" height=\"683\" data-src=\"https:\/\/enseignement-sta.fr\/wp-content\/uploads\/2024\/02\/Delbegue-madison-3-1024x683.png\" alt=\"\" class=\"wp-image-1567 lazyload\" style=\"--smush-placeholder-width: 1024px; --smush-placeholder-aspect-ratio: 1024\/683;aspect-ratio:1;object-fit:cover\" data-srcset=\"https:\/\/enseignement-sta.fr\/wp-content\/uploads\/2024\/02\/Delbegue-madison-3-1024x683.png 1024w, https:\/\/enseignement-sta.fr\/wp-content\/uploads\/2024\/02\/Delbegue-madison-3-300x200.png 300w, https:\/\/enseignement-sta.fr\/wp-content\/uploads\/2024\/02\/Delbegue-madison-3-768x512.png 768w, https:\/\/enseignement-sta.fr\/wp-content\/uploads\/2024\/02\/Delbegue-madison-3.png 1500w\" data-sizes=\"(max-width: 1024px) 100vw, 1024px\" src=\"data:image\/svg+xml;base64,PHN2ZyB3aWR0aD0iMSIgaGVpZ2h0PSIxIiB4bWxucz0iaHR0cDovL3d3dy53My5vcmcvMjAwMC9zdmciPjwvc3ZnPg==\" \/><\/figure>\n<\/div>\n\n\n\n<div class=\"wp-block-column is-layout-flow wp-block-column-is-layout-flow\">\n<figure class=\"wp-block-image size-large is-resized\"><img decoding=\"async\" width=\"1024\" height=\"576\" data-src=\"https:\/\/enseignement-sta.fr\/wp-content\/uploads\/2024\/02\/MArcus-Bautista-Perche-1024x576.png\" alt=\"\" class=\"wp-image-1568 lazyload\" style=\"--smush-placeholder-width: 1024px; --smush-placeholder-aspect-ratio: 1024\/576;aspect-ratio:1;object-fit:cover;width:384px;height:auto\" data-srcset=\"https:\/\/enseignement-sta.fr\/wp-content\/uploads\/2024\/02\/MArcus-Bautista-Perche-1024x576.png 1024w, https:\/\/enseignement-sta.fr\/wp-content\/uploads\/2024\/02\/MArcus-Bautista-Perche-300x169.png 300w, https:\/\/enseignement-sta.fr\/wp-content\/uploads\/2024\/02\/MArcus-Bautista-Perche-768x432.png 768w, https:\/\/enseignement-sta.fr\/wp-content\/uploads\/2024\/02\/MArcus-Bautista-Perche-1536x864.png 1536w, https:\/\/enseignement-sta.fr\/wp-content\/uploads\/2024\/02\/MArcus-Bautista-Perche-1568x882.png 1568w, https:\/\/enseignement-sta.fr\/wp-content\/uploads\/2024\/02\/MArcus-Bautista-Perche.png 1920w\" data-sizes=\"(max-width: 1024px) 100vw, 1024px\" src=\"data:image\/svg+xml;base64,PHN2ZyB3aWR0aD0iMSIgaGVpZ2h0PSIxIiB4bWxucz0iaHR0cDovL3d3dy53My5vcmcvMjAwMC9zdmciPjwvc3ZnPg==\" \/><\/figure>\n<\/div>\n\n\n\n<div class=\"wp-block-column is-layout-flow wp-block-column-is-layout-flow\">\n<figure class=\"wp-block-image size-large is-resized\"><img decoding=\"async\" width=\"1024\" height=\"576\" data-src=\"https:\/\/enseignement-sta.fr\/wp-content\/uploads\/2024\/02\/Maton-Lupa2-1024x576.png\" alt=\"\" class=\"wp-image-1569 lazyload\" style=\"--smush-placeholder-width: 1024px; --smush-placeholder-aspect-ratio: 1024\/576;aspect-ratio:1;object-fit:cover;width:380px;height:auto\" data-srcset=\"https:\/\/enseignement-sta.fr\/wp-content\/uploads\/2024\/02\/Maton-Lupa2-1024x576.png 1024w, https:\/\/enseignement-sta.fr\/wp-content\/uploads\/2024\/02\/Maton-Lupa2-300x169.png 300w, https:\/\/enseignement-sta.fr\/wp-content\/uploads\/2024\/02\/Maton-Lupa2-768x432.png 768w, https:\/\/enseignement-sta.fr\/wp-content\/uploads\/2024\/02\/Maton-Lupa2-1536x864.png 1536w, https:\/\/enseignement-sta.fr\/wp-content\/uploads\/2024\/02\/Maton-Lupa2-1568x882.png 1568w, https:\/\/enseignement-sta.fr\/wp-content\/uploads\/2024\/02\/Maton-Lupa2.png 1600w\" data-sizes=\"(max-width: 1024px) 100vw, 1024px\" src=\"data:image\/svg+xml;base64,PHN2ZyB3aWR0aD0iMSIgaGVpZ2h0PSIxIiB4bWxucz0iaHR0cDovL3d3dy53My5vcmcvMjAwMC9zdmciPjwvc3ZnPg==\" \/><\/figure>\n<\/div>\n<\/div>\n\n\n\n<div class=\"wp-block-columns alignwide is-layout-flex wp-container-core-columns-is-layout-9d6595d7 wp-block-columns-is-layout-flex\">\n<div class=\"wp-block-column is-layout-flow wp-block-column-is-layout-flow\">\n<p>Exemples de r\u00e9alisations <\/p>\n<\/div>\n\n\n\n<div class=\"wp-block-column is-layout-flow wp-block-column-is-layout-flow\"><\/div>\n<\/div>\n\n\n\n<div class=\"wp-block-columns alignwide is-layout-flex wp-container-core-columns-is-layout-9d6595d7 wp-block-columns-is-layout-flex\">\n<div class=\"wp-block-column is-layout-flow wp-block-column-is-layout-flow\">\n<figure class=\"wp-block-image size-large\"><img decoding=\"async\" width=\"1024\" height=\"576\" data-src=\"https:\/\/enseignement-sta.fr\/wp-content\/uploads\/2024\/02\/RENDER-C.-LITE-jpg-1024x576.jpg\" alt=\"\" class=\"wp-image-1583 lazyload\" data-srcset=\"https:\/\/enseignement-sta.fr\/wp-content\/uploads\/2024\/02\/RENDER-C.-LITE-jpg-1024x576.jpg 1024w, https:\/\/enseignement-sta.fr\/wp-content\/uploads\/2024\/02\/RENDER-C.-LITE-jpg-300x169.jpg 300w, https:\/\/enseignement-sta.fr\/wp-content\/uploads\/2024\/02\/RENDER-C.-LITE-jpg-768x432.jpg 768w, https:\/\/enseignement-sta.fr\/wp-content\/uploads\/2024\/02\/RENDER-C.-LITE-jpg-1536x864.jpg 1536w, https:\/\/enseignement-sta.fr\/wp-content\/uploads\/2024\/02\/RENDER-C.-LITE-jpg-2048x1152.jpg 2048w, https:\/\/enseignement-sta.fr\/wp-content\/uploads\/2024\/02\/RENDER-C.-LITE-jpg-1568x882.jpg 1568w\" data-sizes=\"(max-width: 1024px) 100vw, 1024px\" src=\"data:image\/svg+xml;base64,PHN2ZyB3aWR0aD0iMSIgaGVpZ2h0PSIxIiB4bWxucz0iaHR0cDovL3d3dy53My5vcmcvMjAwMC9zdmciPjwvc3ZnPg==\" style=\"--smush-placeholder-width: 1024px; --smush-placeholder-aspect-ratio: 1024\/576;\" \/><\/figure>\n<\/div>\n\n\n\n<div class=\"wp-block-column is-layout-flow wp-block-column-is-layout-flow\">\n<figure class=\"wp-block-image size-large\"><img decoding=\"async\" width=\"1024\" height=\"576\" data-src=\"https:\/\/enseignement-sta.fr\/wp-content\/uploads\/2024\/02\/RENDER-E-2-LITE--1024x576.jpg\" alt=\"\" class=\"wp-image-1578 lazyload\" data-srcset=\"https:\/\/enseignement-sta.fr\/wp-content\/uploads\/2024\/02\/RENDER-E-2-LITE--1024x576.jpg 1024w, https:\/\/enseignement-sta.fr\/wp-content\/uploads\/2024\/02\/RENDER-E-2-LITE--300x169.jpg 300w, https:\/\/enseignement-sta.fr\/wp-content\/uploads\/2024\/02\/RENDER-E-2-LITE--768x432.jpg 768w, https:\/\/enseignement-sta.fr\/wp-content\/uploads\/2024\/02\/RENDER-E-2-LITE--1536x864.jpg 1536w, https:\/\/enseignement-sta.fr\/wp-content\/uploads\/2024\/02\/RENDER-E-2-LITE--2048x1152.jpg 2048w, https:\/\/enseignement-sta.fr\/wp-content\/uploads\/2024\/02\/RENDER-E-2-LITE--1568x882.jpg 1568w\" data-sizes=\"(max-width: 1024px) 100vw, 1024px\" src=\"data:image\/svg+xml;base64,PHN2ZyB3aWR0aD0iMSIgaGVpZ2h0PSIxIiB4bWxucz0iaHR0cDovL3d3dy53My5vcmcvMjAwMC9zdmciPjwvc3ZnPg==\" style=\"--smush-placeholder-width: 1024px; --smush-placeholder-aspect-ratio: 1024\/576;\" \/><\/figure>\n<\/div>\n<\/div>\n\n\n\n<div class=\"wp-block-columns alignwide is-layout-flex wp-container-core-columns-is-layout-9d6595d7 wp-block-columns-is-layout-flex\">\n<div class=\"wp-block-column is-layout-flow wp-block-column-is-layout-flow\">\n<figure class=\"wp-block-image size-full\"><img decoding=\"async\" width=\"960\" height=\"960\" data-src=\"https:\/\/enseignement-sta.fr\/wp-content\/uploads\/2024\/02\/TEST-E-LITE-jpg.jpg\" alt=\"\" class=\"wp-image-1579 lazyload\" data-srcset=\"https:\/\/enseignement-sta.fr\/wp-content\/uploads\/2024\/02\/TEST-E-LITE-jpg.jpg 960w, https:\/\/enseignement-sta.fr\/wp-content\/uploads\/2024\/02\/TEST-E-LITE-jpg-300x300.jpg 300w, https:\/\/enseignement-sta.fr\/wp-content\/uploads\/2024\/02\/TEST-E-LITE-jpg-150x150.jpg 150w, https:\/\/enseignement-sta.fr\/wp-content\/uploads\/2024\/02\/TEST-E-LITE-jpg-768x768.jpg 768w\" data-sizes=\"(max-width: 960px) 100vw, 960px\" src=\"data:image\/svg+xml;base64,PHN2ZyB3aWR0aD0iMSIgaGVpZ2h0PSIxIiB4bWxucz0iaHR0cDovL3d3dy53My5vcmcvMjAwMC9zdmciPjwvc3ZnPg==\" style=\"--smush-placeholder-width: 960px; --smush-placeholder-aspect-ratio: 960\/960;\" \/><\/figure>\n<\/div>\n\n\n\n<div class=\"wp-block-column is-layout-flow wp-block-column-is-layout-flow\">\n<figure class=\"wp-block-image size-large\"><img decoding=\"async\" width=\"1024\" height=\"1024\" data-src=\"https:\/\/enseignement-sta.fr\/wp-content\/uploads\/2024\/02\/NARBO-TEST-D-LITE--1024x1024.jpg\" alt=\"\" class=\"wp-image-1580 lazyload\" data-srcset=\"https:\/\/enseignement-sta.fr\/wp-content\/uploads\/2024\/02\/NARBO-TEST-D-LITE--1024x1024.jpg 1024w, https:\/\/enseignement-sta.fr\/wp-content\/uploads\/2024\/02\/NARBO-TEST-D-LITE--300x300.jpg 300w, https:\/\/enseignement-sta.fr\/wp-content\/uploads\/2024\/02\/NARBO-TEST-D-LITE--150x150.jpg 150w, https:\/\/enseignement-sta.fr\/wp-content\/uploads\/2024\/02\/NARBO-TEST-D-LITE--768x768.jpg 768w, https:\/\/enseignement-sta.fr\/wp-content\/uploads\/2024\/02\/NARBO-TEST-D-LITE--1536x1536.jpg 1536w, https:\/\/enseignement-sta.fr\/wp-content\/uploads\/2024\/02\/NARBO-TEST-D-LITE--2048x2048.jpg 2048w, https:\/\/enseignement-sta.fr\/wp-content\/uploads\/2024\/02\/NARBO-TEST-D-LITE--1568x1568.jpg 1568w\" data-sizes=\"(max-width: 1024px) 100vw, 1024px\" src=\"data:image\/svg+xml;base64,PHN2ZyB3aWR0aD0iMSIgaGVpZ2h0PSIxIiB4bWxucz0iaHR0cDovL3d3dy53My5vcmcvMjAwMC9zdmciPjwvc3ZnPg==\" style=\"--smush-placeholder-width: 1024px; --smush-placeholder-aspect-ratio: 1024\/1024;\" \/><\/figure>\n<\/div>\n<\/div>\n","protected":false},"excerpt":{"rendered":"<p>Cours magistraux et travaux dirig\u00e9s concernant la cr\u00e9ation d&#8217;images de synth\u00e8se de deux projets d&#8217;\u00e9chelles distinctes Lien des data(s) partag\u00e9es Travaux \u00e9tudiants Exemples de r\u00e9alisations<\/p>\n","protected":false},"author":1,"featured_media":0,"parent":0,"menu_order":0,"comment_status":"closed","ping_status":"closed","template":"","meta":{"_import_markdown_pro_load_document_selector":0,"_import_markdown_pro_submit_text_textarea":"","footnotes":""},"folder":[],"class_list":["post-59","page","type-page","status-publish","hentry","entry"],"_links":{"self":[{"href":"https:\/\/enseignement-sta.fr\/index.php\/wp-json\/wp\/v2\/pages\/59","targetHints":{"allow":["GET"]}}],"collection":[{"href":"https:\/\/enseignement-sta.fr\/index.php\/wp-json\/wp\/v2\/pages"}],"about":[{"href":"https:\/\/enseignement-sta.fr\/index.php\/wp-json\/wp\/v2\/types\/page"}],"author":[{"embeddable":true,"href":"https:\/\/enseignement-sta.fr\/index.php\/wp-json\/wp\/v2\/users\/1"}],"replies":[{"embeddable":true,"href":"https:\/\/enseignement-sta.fr\/index.php\/wp-json\/wp\/v2\/comments?post=59"}],"version-history":[{"count":89,"href":"https:\/\/enseignement-sta.fr\/index.php\/wp-json\/wp\/v2\/pages\/59\/revisions"}],"predecessor-version":[{"id":2363,"href":"https:\/\/enseignement-sta.fr\/index.php\/wp-json\/wp\/v2\/pages\/59\/revisions\/2363"}],"wp:attachment":[{"href":"https:\/\/enseignement-sta.fr\/index.php\/wp-json\/wp\/v2\/media?parent=59"}],"wp:term":[{"taxonomy":"folder","embeddable":true,"href":"https:\/\/enseignement-sta.fr\/index.php\/wp-json\/wp\/v2\/folder?post=59"}],"curies":[{"name":"wp","href":"https:\/\/api.w.org\/{rel}","templated":true}]}}